{"id":782,"date":"2022-04-09T17:42:14","date_gmt":"2022-04-09T17:42:14","guid":{"rendered":"https:\/\/alibi-produkcija.com\/?page_id=782"},"modified":"2022-04-15T12:35:49","modified_gmt":"2022-04-15T12:35:49","slug":"reference","status":"publish","type":"page","link":"https:\/\/alibi-produkcija.com\/index.php\/reference\/","title":{"rendered":"Reference"},"content":{"rendered":"\t\t<div data-elementor-type=\"wp-page\" data-elementor-id=\"782\" class=\"elementor elementor-782\">\n\t\t\t\t\t\t<section class=\"elementor-section elementor-top-section elementor-element elementor-element-94ea7fb elementor-section-height-min-height elementor-section-content-middle elementor-section-boxed elementor-section-height-default elementor-section-items-middle\" data-id=\"94ea7fb\" data-element_type=\"section\" data-settings=\"{&quot;background_background&quot;:&quot;classic&quot;}\">\n\t\t\t\t\t\t\t<div class=\"elementor-background-overlay\"><\/div>\n\t\t\t\t\t\t\t<div class=\"elementor-container elementor-column-gap-default\">\n\t\t\t\t\t<div class=\"elementor-column elementor-col-100 elementor-top-column elementor-element elementor-element-b024015\" data-id=\"b024015\" data-element_type=\"column\">\n\t\t\t<div class=\"elementor-widget-wrap elementor-element-populated\">\n\t\t\t\t\t\t<div class=\"elementor-element elementor-element-0dbb69a elementor-widget elementor-widget-heading\" data-id=\"0dbb69a\" data-element_type=\"widget\" data-widget_type=\"heading.default\">\n\t\t\t\t<div class=\"elementor-widget-container\">\n\t\t\t<style>\/*! elementor - v3.19.0 - 28-02-2024 *\/\n.elementor-heading-title{padding:0;margin:0;line-height:1}.elementor-widget-heading .elementor-heading-title[class*=elementor-size-]>a{color:inherit;font-size:inherit;line-height:inherit}.elementor-widget-heading .elementor-heading-title.elementor-size-small{font-size:15px}.elementor-widget-heading .elementor-heading-title.elementor-size-medium{font-size:19px}.elementor-widget-heading .elementor-heading-title.elementor-size-large{font-size:29px}.elementor-widget-heading .elementor-heading-title.elementor-size-xl{font-size:39px}.elementor-widget-heading .elementor-heading-title.elementor-size-xxl{font-size:59px}<\/style><h2 class=\"elementor-heading-title elementor-size-default\">Reference<\/h2>\t\t<\/div>\n\t\t\t\t<\/div>\n\t\t\t\t<div class=\"elementor-element elementor-element-eec6e51 elementor-widget elementor-widget-text-editor\" data-id=\"eec6e51\" data-element_type=\"widget\" data-widget_type=\"text-editor.default\">\n\t\t\t\t<div class=\"elementor-widget-container\">\n\t\t\t<style>\/*! elementor - v3.19.0 - 28-02-2024 *\/\n.elementor-widget-text-editor.elementor-drop-cap-view-stacked .elementor-drop-cap{background-color:#69727d;color:#fff}.elementor-widget-text-editor.elementor-drop-cap-view-framed .elementor-drop-cap{color:#69727d;border:3px solid;background-color:transparent}.elementor-widget-text-editor:not(.elementor-drop-cap-view-default) .elementor-drop-cap{margin-top:8px}.elementor-widget-text-editor:not(.elementor-drop-cap-view-default) .elementor-drop-cap-letter{width:1em;height:1em}.elementor-widget-text-editor .elementor-drop-cap{float:left;text-align:center;line-height:1;font-size:50px}.elementor-widget-text-editor .elementor-drop-cap-letter{display:inline-block}<\/style>\t\t\t\t<p>S kime radimo? Tko su zadovoljni korisnici Alibi produkcije?<\/p>\t\t\t\t\t\t<\/div>\n\t\t\t\t<\/div>\n\t\t\t\t\t<\/div>\n\t\t<\/div>\n\t\t\t\t\t<\/div>\n\t\t<\/section>\n\t\t\t\t<section class=\"elementor-section elementor-top-section elementor-element elementor-element-0722434 elementor-section-content-middle elementor-section-boxed elementor-section-height-default elementor-section-height-default\" data-id=\"0722434\" data-element_type=\"section\" data-settings=\"{&quot;background_background&quot;:&quot;classic&quot;}\">\n\t\t\t\t\t\t<div class=\"elementor-container elementor-column-gap-no\">\n\t\t\t\t\t<div class=\"elementor-column elementor-col-100 elementor-top-column elementor-element elementor-element-eaedfbe\" data-id=\"eaedfbe\" data-element_type=\"column\">\n\t\t\t<div class=\"elementor-widget-wrap elementor-element-populated\">\n\t\t\t\t\t\t<div class=\"elementor-element elementor-element-5c0a5b6 elementor-widget elementor-widget-heading\" data-id=\"5c0a5b6\" data-element_type=\"widget\" data-widget_type=\"heading.default\">\n\t\t\t\t<div class=\"elementor-widget-container\">\n\t\t\t<h5 class=\"elementor-heading-title elementor-size-default\">Na\u0161i klijenti<\/h5>\t\t<\/div>\n\t\t\t\t<\/div>\n\t\t\t\t<div class=\"elementor-element elementor-element-df5920d elementor-widget elementor-widget-heading\" data-id=\"df5920d\" data-element_type=\"widget\" data-settings=\"{&quot;_animation_mobile&quot;:&quot;fadeInLeft&quot;}\" data-widget_type=\"heading.default\">\n\t\t\t\t<div class=\"elementor-widget-container\">\n\t\t\t<h5 class=\"elementor-heading-title elementor-size-default\">Alibi produkcija kao vjerni i pouzdani\npartner za velike i male klijente.<\/h5>\t\t<\/div>\n\t\t\t\t<\/div>\n\t\t\t\t<section class=\"elementor-section elementor-inner-section elementor-element elementor-element-5f3a9bb elementor-section-content-middle elementor-section-boxed elementor-section-height-default elementor-section-height-default\" data-id=\"5f3a9bb\" data-element_type=\"section\">\n\t\t\t\t\t\t<div class=\"elementor-container elementor-column-gap-no\">\n\t\t\t\t\t<div class=\"elementor-column elementor-col-25 elementor-inner-column elementor-element elementor-element-7cba81f\" data-id=\"7cba81f\" data-element_type=\"column\">\n\t\t\t<div class=\"elementor-widget-wrap elementor-element-populated\">\n\t\t\t\t\t\t<div class=\"elementor-element elementor-element-ab45a71 elementor-widget elementor-widget-image\" data-id=\"ab45a71\" data-element_type=\"widget\" data-widget_type=\"image.default\">\n\t\t\t\t<div class=\"elementor-widget-container\">\n\t\t\t<style>\/*! elementor - v3.19.0 - 28-02-2024 *\/\n.elementor-widget-image{text-align:center}.elementor-widget-image a{display:inline-block}.elementor-widget-image a img[src$=\".svg\"]{width:48px}.elementor-widget-image img{vertical-align:middle;display:inline-block}<\/style>\t\t\t\t\t\t\t\t\t\t<img decoding=\"async\" width=\"145\" height=\"154\" src=\"https:\/\/alibi-produkcija.com\/wp-content\/uploads\/2022\/04\/Group-20.png\" class=\"attachment-large size-large wp-image-689\" alt=\"\" \/>\t\t\t\t\t\t\t\t\t\t\t\t\t<\/div>\n\t\t\t\t<\/div>\n\t\t\t\t\t<\/div>\n\t\t<\/div>\n\t\t\t\t<div class=\"elementor-column elementor-col-25 elementor-inner-column elementor-element elementor-element-8c7ce0b\" data-id=\"8c7ce0b\" data-element_type=\"column\">\n\t\t\t<div class=\"elementor-widget-wrap elementor-element-populated\">\n\t\t\t\t\t\t<div class=\"elementor-element elementor-element-85370f4 elementor-widget elementor-widget-image\" data-id=\"85370f4\" data-element_type=\"widget\" data-widget_type=\"image.default\">\n\t\t\t\t<div class=\"elementor-widget-container\">\n\t\t\t\t\t\t\t\t\t\t\t\t\t<img decoding=\"async\" width=\"226\" height=\"99\" src=\"https:\/\/alibi-produkcija.com\/wp-content\/uploads\/2022\/04\/preuzmi.png\" class=\"attachment-large size-large wp-image-691\" alt=\"\" \/>\t\t\t\t\t\t\t\t\t\t\t\t\t<\/div>\n\t\t\t\t<\/div>\n\t\t\t\t\t<\/div>\n\t\t<\/div>\n\t\t\t\t<div class=\"elementor-column elementor-col-25 elementor-inner-column elementor-element elementor-element-d91f21a\" data-id=\"d91f21a\" data-element_type=\"column\">\n\t\t\t<div class=\"elementor-widget-wrap elementor-element-populated\">\n\t\t\t\t\t\t<div class=\"elementor-element elementor-element-3e1d04c elementor-widget elementor-widget-image\" data-id=\"3e1d04c\" data-element_type=\"widget\" data-widget_type=\"image.default\">\n\t\t\t\t<div class=\"elementor-widget-container\">\n\t\t\t\t\t\t\t\t\t\t\t\t\t<img decoding=\"async\" width=\"170\" height=\"48\" src=\"https:\/\/alibi-produkcija.com\/wp-content\/uploads\/2022\/04\/RTL_Televizija_Logo.svg.png\" class=\"attachment-large size-large wp-image-692\" alt=\"\" \/>\t\t\t\t\t\t\t\t\t\t\t\t\t<\/div>\n\t\t\t\t<\/div>\n\t\t\t\t\t<\/div>\n\t\t<\/div>\n\t\t\t\t<div class=\"elementor-column elementor-col-25 elementor-inner-column elementor-element elementor-element-f94f423\" data-id=\"f94f423\" data-element_type=\"column\">\n\t\t\t<div class=\"elementor-widget-wrap elementor-element-populated\">\n\t\t\t\t\t\t<div class=\"elementor-element elementor-element-cf5d461 elementor-widget elementor-widget-image\" data-id=\"cf5d461\" data-element_type=\"widget\" data-widget_type=\"image.default\">\n\t\t\t\t<div class=\"elementor-widget-container\">\n\t\t\t\t\t\t\t\t\t\t\t\t\t<img loading=\"lazy\" decoding=\"async\" width=\"371\" height=\"209\" src=\"https:\/\/alibi-produkcija.com\/wp-content\/uploads\/2022\/04\/HTZ-2016-logo-slogan-engleski_rgb_1600x900_0.png\" class=\"attachment-large size-large wp-image-690\" alt=\"\" srcset=\"https:\/\/alibi-produkcija.com\/wp-content\/uploads\/2022\/04\/HTZ-2016-logo-slogan-engleski_rgb_1600x900_0.png 371w, https:\/\/alibi-produkcija.com\/wp-content\/uploads\/2022\/04\/HTZ-2016-logo-slogan-engleski_rgb_1600x900_0-300x169.png 300w\" sizes=\"(max-width: 371px) 100vw, 371px\" \/>\t\t\t\t\t\t\t\t\t\t\t\t\t<\/div>\n\t\t\t\t<\/div>\n\t\t\t\t\t<\/div>\n\t\t<\/div>\n\t\t\t\t\t<\/div>\n\t\t<\/section>\n\t\t\t\t<div class=\"elementor-element elementor-element-c31645e elementor-widget elementor-widget-text-editor\" data-id=\"c31645e\" data-element_type=\"widget\" data-settings=\"{&quot;_animation_mobile&quot;:&quot;fadeInRight&quot;}\" data-widget_type=\"text-editor.default\">\n\t\t\t\t<div class=\"elementor-widget-container\">\n\t\t\t\t\t\t\t<p>PJEVA\u010cI I BENDOVI Massimo, Parni valjak, Maja \u0161uput, klapa Intrade, klapa Ri\u0161pet, Mladen Grdovic, Jole, Jelena Rozga, \u017deljko Samar\u0111i\u0107, \u017deljko Joksimovic, Boban Rajevi\u0107, Neda Ukraden, Frajle, Lepa Brena, Op\u0107a Opasnost, Jasmin Stavros, Severina, Majke, grupa Joy, Najbolji hrvatski tambura\u0161i, Sandra Africa, Crvena jabuka, Dra\u017een Zecic, Lana Jurcevic, Slavonske lole, Vatra, Luka Nizeti\u0107, \u017deljko Bebek, Hladno pivo, Cubismo&nbsp;<\/p><p>KLUBOVI H20, Team club &#8211; Zagreb, bbs &#8211; Zagreb, Depo &#8211; Zagreb, Armus, Gate 11, Urnebes &#8211; Zagreb&nbsp;<\/p><p><span style=\"font-style: inherit; font-weight: inherit;\">TVRTKE Ford auto, Perfectus, Jaguar, Opel auto, Ekonomski fakultet Zagreb<\/span><br><\/p>\t\t\t\t\t\t<\/div>\n\t\t\t\t<\/div>\n\t\t\t\t\t<\/div>\n\t\t<\/div>\n\t\t\t\t\t<\/div>\n\t\t<\/section>\n\t\t\t\t<\/div>\n\t\t","protected":false},"excerpt":{"rendered":"<p>Reference S kime radimo? Tko su zadovoljni korisnici Alibi produkcije? Na\u0161i klijenti Alibi produkcija kao vjerni i pouzdani partner za velike i male klijente. PJEVA\u010cI I BENDOVI Massimo, Parni valjak, Maja \u0161uput, klapa Intrade, klapa Ri\u0161pet, Mladen Grdovic, Jole, Jelena Rozga, \u017deljko Samar\u0111i\u0107, \u017deljko Joksimovic, Boban Rajevi\u0107, Neda Ukraden, Frajle, Lepa Brena, Op\u0107a Opasnost, Jasmin [&hellip;]<\/p>\n","protected":false},"author":1,"featured_media":0,"parent":0,"menu_order":0,"comment_status":"closed","ping_status":"closed","template":"","meta":{"om_disable_all_campaigns":false,"_monsterinsights_skip_tracking":false,"_monsterinsights_sitenote_active":false,"_monsterinsights_sitenote_note":"","_monsterinsights_sitenote_category":0,"_uf_show_specific_survey":0,"_uf_disable_surveys":false,"site-sidebar-layout":"no-sidebar","site-content-layout":"page-builder","ast-site-content-layout":"","site-content-style":"default","site-sidebar-style":"default","ast-global-header-display":"","ast-banner-title-visibility":"","ast-main-header-display":"","ast-hfb-above-header-display":"","ast-hfb-below-header-display":"","ast-hfb-mobile-header-display":"","site-post-title":"disabled","ast-breadcrumbs-content":"","ast-featured-img":"disabled","footer-sml-layout":"","theme-transparent-header-meta":"","adv-header-id-meta":"","stick-header-meta":"","header-above-stick-meta":"","header-main-stick-meta":"","header-below-stick-meta":"","astra-migrate-meta-layouts":"default","ast-page-background-enabled":"default","ast-page-background-meta":{"desktop":{"background-color":"var(--ast-global-color-4)","background-image":"","background-repeat":"repeat","background-position":"center center","background-size":"auto","background-attachment":"scroll","background-type":"","background-media":"","overlay-type":"","overlay-color":"","overlay-gradient":""},"tablet":{"background-color":"","background-image":"","background-repeat":"repeat","background-position":"center center","background-size":"auto","background-attachment":"scroll","background-type":"","background-media":"","overlay-type":"","overlay-color":"","overlay-gradient":""},"mobile":{"background-color":"","background-image":"","background-repeat":"repeat","background-position":"center center","background-size":"auto","background-attachment":"scroll","background-type":"","background-media":"","overlay-type":"","overlay-color":"","overlay-gradient":""}},"ast-content-background-meta":{"desktop":{"background-color":"var(--ast-global-color-5)","background-image":"","background-repeat":"repeat","background-position":"center center","background-size":"auto","background-attachment":"scroll","background-type":"","background-media":"","overlay-type":"","overlay-color":"","overlay-gradient":""},"tablet":{"background-color":"var(--ast-global-color-5)","background-image":"","background-repeat":"repeat","background-position":"center center","background-size":"auto","background-attachment":"scroll","background-type":"","background-media":"","overlay-type":"","overlay-color":"","overlay-gradient":""},"mobile":{"background-color":"var(--ast-global-color-5)","background-image":"","background-repeat":"repeat","background-position":"center center","background-size":"auto","background-attachment":"scroll","background-type":"","background-media":"","overlay-type":"","overlay-color":"","overlay-gradient":""}},"footnotes":""},"class_list":["post-782","page","type-page","status-publish","hentry"],"aioseo_notices":[],"yoast_head":"<!-- This site is optimized with the Yoast SEO plugin v22.2 - https:\/\/yoast.com\/wordpress\/plugins\/seo\/ -->\n<title>Reference - Alibi produkcija<\/title>\n<meta name=\"robots\" content=\"index, follow, max-snippet:-1, max-image-preview:large, max-video-preview:-1\" \/>\n<link rel=\"canonical\" href=\"https:\/\/alibi-produkcija.com\/index.php\/reference\/\" \/>\n<meta property=\"og:locale\" content=\"en_US\" \/>\n<meta property=\"og:type\" content=\"article\" \/>\n<meta property=\"og:title\" content=\"Reference - Alibi produkcija\" \/>\n<meta property=\"og:description\" content=\"Reference S kime radimo? Tko su zadovoljni korisnici Alibi produkcije? Na\u0161i klijenti Alibi produkcija kao vjerni i pouzdani partner za velike i male klijente. PJEVA\u010cI I BENDOVI Massimo, Parni valjak, Maja \u0161uput, klapa Intrade, klapa Ri\u0161pet, Mladen Grdovic, Jole, Jelena Rozga, \u017deljko Samar\u0111i\u0107, \u017deljko Joksimovic, Boban Rajevi\u0107, Neda Ukraden, Frajle, Lepa Brena, Op\u0107a Opasnost, Jasmin [&hellip;]\" \/>\n<meta property=\"og:url\" content=\"https:\/\/alibi-produkcija.com\/index.php\/reference\/\" \/>\n<meta property=\"og:site_name\" content=\"Alibi produkcija\" \/>\n<meta property=\"article:publisher\" content=\"https:\/\/hr-hr.facebook.com\/alibisound\/\" \/>\n<meta property=\"article:modified_time\" content=\"2022-04-15T12:35:49+00:00\" \/>\n<meta property=\"og:image\" content=\"https:\/\/alibi-produkcija.com\/wp-content\/uploads\/2022\/04\/Group-20.png\" \/>\n<meta name=\"twitter:card\" content=\"summary_large_image\" \/>\n<meta name=\"twitter:label1\" content=\"Est. reading time\" \/>\n\t<meta name=\"twitter:data1\" content=\"1 minute\" \/>\n<script type=\"application\/ld+json\" class=\"yoast-schema-graph\">{\"@context\":\"https:\/\/schema.org\",\"@graph\":[{\"@type\":\"WebPage\",\"@id\":\"https:\/\/alibi-produkcija.com\/index.php\/reference\/\",\"url\":\"https:\/\/alibi-produkcija.com\/index.php\/reference\/\",\"name\":\"Reference - Alibi produkcija\",\"isPartOf\":{\"@id\":\"https:\/\/alibi-produkcija.com\/#website\"},\"primaryImageOfPage\":{\"@id\":\"https:\/\/alibi-produkcija.com\/index.php\/reference\/#primaryimage\"},\"image\":{\"@id\":\"https:\/\/alibi-produkcija.com\/index.php\/reference\/#primaryimage\"},\"thumbnailUrl\":\"https:\/\/alibi-produkcija.com\/wp-content\/uploads\/2022\/04\/Group-20.png\",\"datePublished\":\"2022-04-09T17:42:14+00:00\",\"dateModified\":\"2022-04-15T12:35:49+00:00\",\"breadcrumb\":{\"@id\":\"https:\/\/alibi-produkcija.com\/index.php\/reference\/#breadcrumb\"},\"inLanguage\":\"en-US\",\"potentialAction\":[{\"@type\":\"ReadAction\",\"target\":[\"https:\/\/alibi-produkcija.com\/index.php\/reference\/\"]}]},{\"@type\":\"ImageObject\",\"inLanguage\":\"en-US\",\"@id\":\"https:\/\/alibi-produkcija.com\/index.php\/reference\/#primaryimage\",\"url\":\"https:\/\/alibi-produkcija.com\/wp-content\/uploads\/2022\/04\/Group-20.png\",\"contentUrl\":\"https:\/\/alibi-produkcija.com\/wp-content\/uploads\/2022\/04\/Group-20.png\",\"width\":145,\"height\":154},{\"@type\":\"BreadcrumbList\",\"@id\":\"https:\/\/alibi-produkcija.com\/index.php\/reference\/#breadcrumb\",\"itemListElement\":[{\"@type\":\"ListItem\",\"position\":1,\"name\":\"Home\",\"item\":\"https:\/\/alibi-produkcija.com\/\"},{\"@type\":\"ListItem\",\"position\":2,\"name\":\"Reference\"}]},{\"@type\":\"WebSite\",\"@id\":\"https:\/\/alibi-produkcija.com\/#website\",\"url\":\"https:\/\/alibi-produkcija.com\/\",\"name\":\"Alibi produkcja - Alibi za vrhunski event\",\"description\":\"Alibi za vrhunski event\",\"publisher\":{\"@id\":\"https:\/\/alibi-produkcija.com\/#organization\"},\"potentialAction\":[{\"@type\":\"SearchAction\",\"target\":{\"@type\":\"EntryPoint\",\"urlTemplate\":\"https:\/\/alibi-produkcija.com\/?s={search_term_string}\"},\"query-input\":\"required name=search_term_string\"}],\"inLanguage\":\"en-US\"},{\"@type\":\"Organization\",\"@id\":\"https:\/\/alibi-produkcija.com\/#organization\",\"name\":\"Alibi produkcja - Alibi za vrhunski event\",\"url\":\"https:\/\/alibi-produkcija.com\/\",\"logo\":{\"@type\":\"ImageObject\",\"inLanguage\":\"en-US\",\"@id\":\"https:\/\/alibi-produkcija.com\/#\/schema\/logo\/image\/\",\"url\":\"https:\/\/alibi-produkcija.com\/wp-content\/uploads\/2022\/04\/cropped-Alibi-produkcija-logo-for-black-png.png\",\"contentUrl\":\"https:\/\/alibi-produkcija.com\/wp-content\/uploads\/2022\/04\/cropped-Alibi-produkcija-logo-for-black-png.png\",\"width\":1080,\"height\":1080,\"caption\":\"Alibi produkcja - Alibi za vrhunski event\"},\"image\":{\"@id\":\"https:\/\/alibi-produkcija.com\/#\/schema\/logo\/image\/\"},\"sameAs\":[\"https:\/\/hr-hr.facebook.com\/alibisound\/\"]}]}<\/script>\n<!-- \/ Yoast SEO plugin. -->","yoast_head_json":{"title":"Reference - Alibi produkcija","robots":{"index":"index","follow":"follow","max-snippet":"max-snippet:-1","max-image-preview":"max-image-preview:large","max-video-preview":"max-video-preview:-1"},"canonical":"https:\/\/alibi-produkcija.com\/index.php\/reference\/","og_locale":"en_US","og_type":"article","og_title":"Reference - Alibi produkcija","og_description":"Reference S kime radimo? Tko su zadovoljni korisnici Alibi produkcije? Na\u0161i klijenti Alibi produkcija kao vjerni i pouzdani partner za velike i male klijente. PJEVA\u010cI I BENDOVI Massimo, Parni valjak, Maja \u0161uput, klapa Intrade, klapa Ri\u0161pet, Mladen Grdovic, Jole, Jelena Rozga, \u017deljko Samar\u0111i\u0107, \u017deljko Joksimovic, Boban Rajevi\u0107, Neda Ukraden, Frajle, Lepa Brena, Op\u0107a Opasnost, Jasmin [&hellip;]","og_url":"https:\/\/alibi-produkcija.com\/index.php\/reference\/","og_site_name":"Alibi produkcija","article_publisher":"https:\/\/hr-hr.facebook.com\/alibisound\/","article_modified_time":"2022-04-15T12:35:49+00:00","og_image":[{"url":"https:\/\/alibi-produkcija.com\/wp-content\/uploads\/2022\/04\/Group-20.png"}],"twitter_card":"summary_large_image","twitter_misc":{"Est. reading time":"1 minute"},"schema":{"@context":"https:\/\/schema.org","@graph":[{"@type":"WebPage","@id":"https:\/\/alibi-produkcija.com\/index.php\/reference\/","url":"https:\/\/alibi-produkcija.com\/index.php\/reference\/","name":"Reference - Alibi produkcija","isPartOf":{"@id":"https:\/\/alibi-produkcija.com\/#website"},"primaryImageOfPage":{"@id":"https:\/\/alibi-produkcija.com\/index.php\/reference\/#primaryimage"},"image":{"@id":"https:\/\/alibi-produkcija.com\/index.php\/reference\/#primaryimage"},"thumbnailUrl":"https:\/\/alibi-produkcija.com\/wp-content\/uploads\/2022\/04\/Group-20.png","datePublished":"2022-04-09T17:42:14+00:00","dateModified":"2022-04-15T12:35:49+00:00","breadcrumb":{"@id":"https:\/\/alibi-produkcija.com\/index.php\/reference\/#breadcrumb"},"inLanguage":"en-US","potentialAction":[{"@type":"ReadAction","target":["https:\/\/alibi-produkcija.com\/index.php\/reference\/"]}]},{"@type":"ImageObject","inLanguage":"en-US","@id":"https:\/\/alibi-produkcija.com\/index.php\/reference\/#primaryimage","url":"https:\/\/alibi-produkcija.com\/wp-content\/uploads\/2022\/04\/Group-20.png","contentUrl":"https:\/\/alibi-produkcija.com\/wp-content\/uploads\/2022\/04\/Group-20.png","width":145,"height":154},{"@type":"BreadcrumbList","@id":"https:\/\/alibi-produkcija.com\/index.php\/reference\/#breadcrumb","itemListElement":[{"@type":"ListItem","position":1,"name":"Home","item":"https:\/\/alibi-produkcija.com\/"},{"@type":"ListItem","position":2,"name":"Reference"}]},{"@type":"WebSite","@id":"https:\/\/alibi-produkcija.com\/#website","url":"https:\/\/alibi-produkcija.com\/","name":"Alibi produkcja - Alibi za vrhunski event","description":"Alibi za vrhunski event","publisher":{"@id":"https:\/\/alibi-produkcija.com\/#organization"},"potentialAction":[{"@type":"SearchAction","target":{"@type":"EntryPoint","urlTemplate":"https:\/\/alibi-produkcija.com\/?s={search_term_string}"},"query-input":"required name=search_term_string"}],"inLanguage":"en-US"},{"@type":"Organization","@id":"https:\/\/alibi-produkcija.com\/#organization","name":"Alibi produkcja - Alibi za vrhunski event","url":"https:\/\/alibi-produkcija.com\/","logo":{"@type":"ImageObject","inLanguage":"en-US","@id":"https:\/\/alibi-produkcija.com\/#\/schema\/logo\/image\/","url":"https:\/\/alibi-produkcija.com\/wp-content\/uploads\/2022\/04\/cropped-Alibi-produkcija-logo-for-black-png.png","contentUrl":"https:\/\/alibi-produkcija.com\/wp-content\/uploads\/2022\/04\/cropped-Alibi-produkcija-logo-for-black-png.png","width":1080,"height":1080,"caption":"Alibi produkcja - Alibi za vrhunski event"},"image":{"@id":"https:\/\/alibi-produkcija.com\/#\/schema\/logo\/image\/"},"sameAs":["https:\/\/hr-hr.facebook.com\/alibisound\/"]}]}},"_links":{"self":[{"href":"https:\/\/alibi-produkcija.com\/index.php\/wp-json\/wp\/v2\/pages\/782","targetHints":{"allow":["GET"]}}],"collection":[{"href":"https:\/\/alibi-produkcija.com\/index.php\/wp-json\/wp\/v2\/pages"}],"about":[{"href":"https:\/\/alibi-produkcija.com\/index.php\/wp-json\/wp\/v2\/types\/page"}],"author":[{"embeddable":true,"href":"https:\/\/alibi-produkcija.com\/index.php\/wp-json\/wp\/v2\/users\/1"}],"replies":[{"embeddable":true,"href":"https:\/\/alibi-produkcija.com\/index.php\/wp-json\/wp\/v2\/comments?post=782"}],"version-history":[{"count":7,"href":"https:\/\/alibi-produkcija.com\/index.php\/wp-json\/wp\/v2\/pages\/782\/revisions"}],"predecessor-version":[{"id":1024,"href":"https:\/\/alibi-produkcija.com\/index.php\/wp-json\/wp\/v2\/pages\/782\/revisions\/1024"}],"wp:attachment":[{"href":"https:\/\/alibi-produkcija.com\/index.php\/wp-json\/wp\/v2\/media?parent=782"}],"curies":[{"name":"wp","href":"https:\/\/api.w.org\/{rel}","templated":true}]}}